{"id":1074,"date":"2025-11-05T10:08:13","date_gmt":"2025-11-05T10:08:13","guid":{"rendered":"http:\/\/naya.local\/?post_type=product&#038;p=1074"},"modified":"2025-12-12T11:36:47","modified_gmt":"2025-12-12T11:36:47","slug":"naya-desodorisant-dair","status":"publish","type":"product","link":"https:\/\/naya.tn\/ar\/product\/naya-desodorisant-dair\/","title":{"rendered":"\u0645\u0639\u0637\u0631 \u0627\u0644\u0647\u0648\u0627\u0621 \u0646\u0627\u064a\u0627"},"content":{"rendered":"<p>L&rsquo;<strong data-start=\"918\" data-end=\"945\">Air Fra\u00eeche Naya<\/strong> diffuse un <strong data-start=\"957\" data-end=\"980\">parfum longue dur\u00e9e<\/strong> gr\u00e2ce \u00e0 un <strong data-start=\"992\" data-end=\"1037\">m\u00e9lange d\u2019ingr\u00e9dients sp\u00e9cialement con\u00e7us<\/strong> pour <strong data-start=\"1043\" data-end=\"1082\">neutraliser les odeurs d\u00e9sagr\u00e9ables<\/strong>.<br data-start=\"1083\" data-end=\"1086\" \/>\u0647\u0648 <strong data-start=\"1089\" data-end=\"1130\">purifie et parfume d\u00e9licatement l\u2019air<\/strong>, laissant une atmosph\u00e8re <strong data-start=\"1156\" data-end=\"1181\">agr\u00e9able et apaisante<\/strong>.<br data-start=\"1182\" data-end=\"1185\" \/>\u0645\u062a\u0648\u0641\u0631 \u0641\u064a \u0627\u0644\u0639\u062f\u064a\u062f \u0645\u0646 \u0627\u0644\u0639\u0637\u0648\u0631: <strong data-start=\"1222\" data-end=\"1282\">D\u00e9sert, Jasmin, Rose, Printemps, Caramel, Bakhour<\/strong>.<\/p>","protected":false},"excerpt":{"rendered":"<p>L&rsquo;Air Fra\u00eeche Naya diffuse un parfum longue dur\u00e9e gr\u00e2ce \u00e0 un m\u00e9lange d\u2019ingr\u00e9dients sp\u00e9cialement con\u00e7us pour neutraliser les odeurs d\u00e9sagr\u00e9ables.Il purifie et parfume d\u00e9licatement l\u2019air, laissant une atmosph\u00e8re agr\u00e9able et apaisante.Disponible en plusieurs fragrances : D\u00e9sert, Jasmin, Rose, Printemps, Caramel, Bakhour.<\/p>","protected":false},"featured_media":35,"comment_status":"open","ping_status":"closed","template":"","meta":[],"product_brand":[],"product_cat":[37],"product_tag":[],"class_list":{"0":"post-1074","1":"product","2":"type-product","3":"status-publish","4":"has-post-thumbnail","6":"product_cat-desodorisants","8":"first","9":"outofstock","10":"shipping-taxable","11":"purchasable","12":"product-type-variable","13":"has-default-attributes"},"_links":{"self":[{"href":"https:\/\/naya.tn\/ar\/wp-json\/wp\/v2\/product\/1074","targetHints":{"allow":["GET"]}}],"collection":[{"href":"https:\/\/naya.tn\/ar\/wp-json\/wp\/v2\/product"}],"about":[{"href":"https:\/\/naya.tn\/ar\/wp-json\/wp\/v2\/types\/product"}],"replies":[{"embeddable":true,"href":"https:\/\/naya.tn\/ar\/wp-json\/wp\/v2\/comments?post=1074"}],"wp:featuredmedia":[{"embeddable":true,"href":"https:\/\/naya.tn\/ar\/wp-json\/wp\/v2\/media\/35"}],"wp:attachment":[{"href":"https:\/\/naya.tn\/ar\/wp-json\/wp\/v2\/media?parent=1074"}],"wp:term":[{"taxonomy":"product_brand","embeddable":true,"href":"https:\/\/naya.tn\/ar\/wp-json\/wp\/v2\/product_brand?post=1074"},{"taxonomy":"product_cat","embeddable":true,"href":"https:\/\/naya.tn\/ar\/wp-json\/wp\/v2\/product_cat?post=1074"},{"taxonomy":"product_tag","embeddable":true,"href":"https:\/\/naya.tn\/ar\/wp-json\/wp\/v2\/product_tag?post=1074"}],"curies":[{"name":"wp","href":"https:\/\/api.w.org\/{rel}","templated":true}]}}